{"id":255,"date":"2021-03-10T11:12:40","date_gmt":"2021-03-10T14:12:40","guid":{"rendered":"https:\/\/caiocarneiro.com\/mentoria\/?page_id=255"},"modified":"2021-03-24T15:34:37","modified_gmt":"2021-03-24T18:34:37","slug":"businessclass","status":"publish","type":"page","link":"https:\/\/caiocarneiro.com\/mentoria\/businessclass\/","title":{"rendered":"A MENTORIA &#8211; BusinessClass"},"content":{"rendered":"\t\t<div data-elementor-type=\"wp-page\" data-elementor-id=\"255\" class=\"elementor elementor-255\" data-elementor-settings=\"[]\">\n\t\t\t\t\t\t<div class=\"elementor-inner\">\n\t\t\t\t\t\t\t<div class=\"elementor-section-wrap\">\n\t\t\t\t\t\t\t<section class=\"elementor-section elementor-top-section elementor-element elementor-element-6e93d889 elementor-section-full_width elementor-section-height-default elementor-section-height-default\" data-id=\"6e93d889\" data-element_type=\"section\" id=\"topo\" data-settings=\"{&quot;background_background&quot;:&quot;video&quot;,&quot;background_video_link&quot;:&quot;https:\\\/\\\/youtu.be\\\/s-8qkFV_dDM&quot;,&quot;background_video_end&quot;:60,&quot;background_video_start&quot;:7}\">\n\t\t\t\t\t\t\t\t<div class=\"elementor-background-video-container elementor-hidden-phone\">\n\t\t\t\t\t\t\t\t\t\t\t\t\t<div class=\"elementor-background-video-embed\"><\/div>\n\t\t\t\t\t\t\t\t\t\t\t\t<\/div>\n\t\t\t\t\t\t\t\t\t<div class=\"elementor-background-overlay\"><\/div>\n\t\t\t\t\t\t\t<div class=\"elementor-container elementor-column-gap-default\">\n\t\t\t\t\t\t\t<div class=\"elementor-row\">\n\t\t\t\t\t<div class=\"elementor-column elementor-col-100 elementor-top-column elementor-element elementor-element-120c9887\" data-id=\"120c9887\" data-element_type=\"column\" data-settings=\"{&quot;background_background&quot;:&quot;classic&quot;}\">\n\t\t\t<div class=\"elementor-column-wrap elementor-element-populated\">\n\t\t\t\t\t\t\t<div class=\"elementor-widget-wrap\">\n\t\t\t\t\t\t<section class=\"elementor-section elementor-inner-section elementor-element elementor-element-4160c147 elementor-section-full_width elementor-section-height-default elementor-section-height-default\" data-id=\"4160c147\" data-element_type=\"section\">\n\t\t\t\t\t\t<div class=\"elementor-container elementor-column-gap-default\">\n\t\t\t\t\t\t\t<div class=\"elementor-row\">\n\t\t\t\t\t<div class=\"elementor-column elementor-col-100 elementor-inner-column elementor-element elementor-element-4dd6a109\" data-id=\"4dd6a109\" data-element_type=\"column\">\n\t\t\t<div class=\"elementor-column-wrap elementor-element-populated\">\n\t\t\t\t\t\t\t<div class=\"elementor-widget-wrap\">\n\t\t\t\t\t\t<div class=\"elementor-element elementor-element-1db2ad5a elementor-widget elementor-widget-image\" data-id=\"1db2ad5a\" data-element_type=\"widget\" data-widget_type=\"image.default\">\n\t\t\t\t<div class=\"elementor-widget-container\">\n\t\t\t\t\t<div class=\"elementor-image\">\n\t\t\t\t\t\t\t\t\t\t<img loading=\"lazy\" decoding=\"async\" width=\"600\" height=\"128\" src=\"https:\/\/caiocarneiro.com\/mentoria\/wp-content\/uploads\/2021\/03\/BUSINESS_CLASS_LOGO_600px.png\" class=\"attachment-large size-large\" alt=\"\" srcset=\"https:\/\/caiocarneiro.com\/mentoria\/wp-content\/uploads\/2021\/03\/BUSINESS_CLASS_LOGO_600px.png 600w, https:\/\/caiocarneiro.com\/mentoria\/wp-content\/uploads\/2021\/03\/BUSINESS_CLASS_LOGO_600px-300x64.png 300w\" sizes=\"(max-width: 600px) 100vw, 600px\" \/>\t\t\t\t\t\t\t\t\t\t\t<\/div>\n\t\t\t\t<\/div>\n\t\t\t\t<\/div>\n\t\t\t\t\t\t<\/div>\n\t\t\t\t\t<\/div>\n\t\t<\/div>\n\t\t\t\t\t\t\t\t<\/div>\n\t\t\t\t\t<\/div>\n\t\t<\/section>\n\t\t\t\t<div class=\"elementor-element elementor-element-c7cae66 elementor-widget elementor-widget-heading\" data-id=\"c7cae66\" data-element_type=\"widget\" data-widget_type=\"heading.default\">\n\t\t\t\t<div class=\"elementor-widget-container\">\n\t\t\t<h2 class=\"elementor-heading-title elementor-size-default\">IDEAL PRA VOC\u00ca QUE QUER JOGAR GRANDE!<\/h2>\t\t<\/div>\n\t\t\t\t<\/div>\n\t\t\t\t<div class=\"elementor-element elementor-element-5512d3bf elementor-align-center elementor-widget elementor-widget-button\" data-id=\"5512d3bf\" data-element_type=\"widget\" data-widget_type=\"button.default\">\n\t\t\t\t<div class=\"elementor-widget-container\">\n\t\t\t\t\t<div class=\"elementor-button-wrapper\">\n\t\t\t<a href=\"https:\/\/bit.ly\/3fbB8DS\" target=\"_blank\" class=\"elementor-button-link elementor-button elementor-size-md elementor-animation-grow\" role=\"button\">\n\t\t\t\t\t\t<span class=\"elementor-button-content-wrapper\">\n\t\t\t\t\t\t<span class=\"elementor-button-icon elementor-align-icon-left\">\n\t\t\t\t<i aria-hidden=\"true\" class=\"fas fa-check-circle\"><\/i>\t\t\t<\/span>\n\t\t\t\t\t\t<span class=\"elementor-button-text\">QUERO APLICAR<\/span>\n\t\t<\/span>\n\t\t\t\t\t<\/a>\n\t\t<\/div>\n\t\t\t\t<\/div>\n\t\t\t\t<\/div>\n\t\t\t\t\t\t<\/div>\n\t\t\t\t\t<\/div>\n\t\t<\/div>\n\t\t\t\t\t\t\t\t<\/div>\n\t\t\t\t\t<\/div>\n\t\t<\/section>\n\t\t\t\t<section class=\"elementor-section elementor-top-section elementor-element elementor-element-86d42ce elementor-section-boxed elementor-section-height-default elementor-section-height-default\" data-id=\"86d42ce\" data-element_type=\"section\" data-settings=\"{&quot;background_background&quot;:&quot;classic&quot;}\">\n\t\t\t\t\t\t<div class=\"elementor-container elementor-column-gap-default\">\n\t\t\t\t\t\t\t<div class=\"elementor-row\">\n\t\t\t\t\t<div class=\"elementor-column elementor-col-50 elementor-top-column elementor-element elementor-element-8b4f8d0\" data-id=\"8b4f8d0\" data-element_type=\"column\">\n\t\t\t<div class=\"elementor-column-wrap elementor-element-populated\">\n\t\t\t\t\t\t\t<div class=\"elementor-widget-wrap\">\n\t\t\t\t\t\t<div class=\"elementor-element elementor-element-92f27d9 elementor-widget elementor-widget-image\" data-id=\"92f27d9\" data-element_type=\"widget\" data-widget_type=\"image.default\">\n\t\t\t\t<div class=\"elementor-widget-container\">\n\t\t\t\t\t<div class=\"elementor-image\">\n\t\t\t\t\t\t\t\t\t\t<img loading=\"lazy\" decoding=\"async\" width=\"400\" height=\"400\" src=\"https:\/\/caiocarneiro.com\/mentoria\/wp-content\/uploads\/2021\/03\/Caio-Retrato_web.jpg\" class=\"attachment-full size-full\" alt=\"caio carneiro\" srcset=\"https:\/\/caiocarneiro.com\/mentoria\/wp-content\/uploads\/2021\/03\/Caio-Retrato_web.jpg 400w, https:\/\/caiocarneiro.com\/mentoria\/wp-content\/uploads\/2021\/03\/Caio-Retrato_web-300x300.jpg 300w, https:\/\/caiocarneiro.com\/mentoria\/wp-content\/uploads\/2021\/03\/Caio-Retrato_web-150x150.jpg 150w\" sizes=\"(max-width: 400px) 100vw, 400px\" \/>\t\t\t\t\t\t\t\t\t\t\t<\/div>\n\t\t\t\t<\/div>\n\t\t\t\t<\/div>\n\t\t\t\t\t\t<\/div>\n\t\t\t\t\t<\/div>\n\t\t<\/div>\n\t\t\t\t<div class=\"elementor-column elementor-col-50 elementor-top-column elementor-element elementor-element-028568d\" data-id=\"028568d\" data-element_type=\"column\" data-settings=\"{&quot;background_background&quot;:&quot;classic&quot;}\">\n\t\t\t<div class=\"elementor-column-wrap elementor-element-populated\">\n\t\t\t\t\t\t\t<div class=\"elementor-widget-wrap\">\n\t\t\t\t\t\t<div class=\"elementor-element elementor-element-5d455b8 elementor-widget elementor-widget-heading\" data-id=\"5d455b8\" data-element_type=\"widget\" data-widget_type=\"heading.default\">\n\t\t\t\t<div class=\"elementor-widget-container\">\n\t\t\t<h2 class=\"elementor-heading-title elementor-size-default\">mentor - CAio carneiro<\/h2>\t\t<\/div>\n\t\t\t\t<\/div>\n\t\t\t\t<div class=\"elementor-element elementor-element-16ff8d9 elementor-widget elementor-widget-text-editor\" data-id=\"16ff8d9\" data-element_type=\"widget\" data-widget_type=\"text-editor.default\">\n\t\t\t\t<div class=\"elementor-widget-container\">\n\t\t\t\t\t<div class=\"elementor-text-editor elementor-clearfix\"><p><span style=\"font-weight: 400;\">Pai, esposo e empreendedor, Expert em Vendas Diretas h\u00e1 mais de uma d\u00e9cada, somando mais de 2.5 bilh\u00f5es em vendas e eleito um dos l\u00edderes mais influentes do mundo no segmento pela Business From Home. Autor best-seller e um dos autores mais lidos do Brasil por tr\u00eas anos consecutivos, com cerca de 1 milh\u00e3o de livros vendidos. Fundador do BuQme, Plataforma Digital com milhares de assinantes. Re\u00fane mais de 2 milh\u00f5es de seguidores em suas redes sociais, foi indicado ao pr\u00eamio de influenciador do ano na categoria \u201cNeg\u00f3cios e Empreendedorismo\u201d, palestrando nas maiores empresas do Brasil.<\/span><\/p><\/div>\n\t\t\t\t<\/div>\n\t\t\t\t<\/div>\n\t\t\t\t\t\t<\/div>\n\t\t\t\t\t<\/div>\n\t\t<\/div>\n\t\t\t\t\t\t\t\t<\/div>\n\t\t\t\t\t<\/div>\n\t\t<\/section>\n\t\t\t\t<section class=\"elementor-section elementor-top-section elementor-element elementor-element-485d428 elementor-section-boxed elementor-section-height-default elementor-section-height-default\" data-id=\"485d428\" data-element_type=\"section\">\n\t\t\t\t\t\t<div class=\"elementor-container elementor-column-gap-default\">\n\t\t\t\t\t\t\t<div class=\"elementor-row\">\n\t\t\t\t\t<div class=\"elementor-column elementor-col-50 elementor-top-column elementor-element elementor-element-a38c19a\" data-id=\"a38c19a\" data-element_type=\"column\">\n\t\t\t<div class=\"elementor-column-wrap elementor-element-populated\">\n\t\t\t\t\t\t\t<div class=\"elementor-widget-wrap\">\n\t\t\t\t\t\t<div class=\"elementor-element elementor-element-5b99cb1 elementor-widget elementor-widget-image\" data-id=\"5b99cb1\" data-element_type=\"widget\" data-widget_type=\"image.default\">\n\t\t\t\t<div class=\"elementor-widget-container\">\n\t\t\t\t\t<div class=\"elementor-image\">\n\t\t\t\t\t\t\t\t\t\t<img loading=\"lazy\" decoding=\"async\" width=\"800\" height=\"54\" src=\"https:\/\/caiocarneiro.com\/mentoria\/wp-content\/uploads\/2021\/03\/EMPRESAS_ATENDIDAS.png\" class=\"attachment-large size-large\" alt=\"\" srcset=\"https:\/\/caiocarneiro.com\/mentoria\/wp-content\/uploads\/2021\/03\/EMPRESAS_ATENDIDAS.png 895w, https:\/\/caiocarneiro.com\/mentoria\/wp-content\/uploads\/2021\/03\/EMPRESAS_ATENDIDAS-300x20.png 300w, https:\/\/caiocarneiro.com\/mentoria\/wp-content\/uploads\/2021\/03\/EMPRESAS_ATENDIDAS-768x51.png 768w\" sizes=\"(max-width: 800px) 100vw, 800px\" \/>\t\t\t\t\t\t\t\t\t\t\t<\/div>\n\t\t\t\t<\/div>\n\t\t\t\t<\/div>\n\t\t\t\t\t\t<\/div>\n\t\t\t\t\t<\/div>\n\t\t<\/div>\n\t\t\t\t<div class=\"elementor-column elementor-col-50 elementor-top-column elementor-element elementor-element-1af979e\" data-id=\"1af979e\" data-element_type=\"column\">\n\t\t\t<div class=\"elementor-column-wrap elementor-element-populated\">\n\t\t\t\t\t\t\t<div class=\"elementor-widget-wrap\">\n\t\t\t\t\t\t<div class=\"elementor-element elementor-element-61de02f elementor-widget elementor-widget-image\" data-id=\"61de02f\" data-element_type=\"widget\" data-widget_type=\"image.default\">\n\t\t\t\t<div class=\"elementor-widget-container\">\n\t\t\t\t\t<div class=\"elementor-image\">\n\t\t\t\t\t\t\t\t\t\t<img loading=\"lazy\" decoding=\"async\" width=\"784\" height=\"60\" src=\"https:\/\/caiocarneiro.com\/mentoria\/wp-content\/uploads\/2021\/03\/EMPRESAS_ATENDIDAS02.png\" class=\"attachment-large size-large\" alt=\"\" srcset=\"https:\/\/caiocarneiro.com\/mentoria\/wp-content\/uploads\/2021\/03\/EMPRESAS_ATENDIDAS02.png 784w, https:\/\/caiocarneiro.com\/mentoria\/wp-content\/uploads\/2021\/03\/EMPRESAS_ATENDIDAS02-300x23.png 300w, https:\/\/caiocarneiro.com\/mentoria\/wp-content\/uploads\/2021\/03\/EMPRESAS_ATENDIDAS02-768x59.png 768w\" sizes=\"(max-width: 784px) 100vw, 784px\" \/>\t\t\t\t\t\t\t\t\t\t\t<\/div>\n\t\t\t\t<\/div>\n\t\t\t\t<\/div>\n\t\t\t\t\t\t<\/div>\n\t\t\t\t\t<\/div>\n\t\t<\/div>\n\t\t\t\t\t\t\t\t<\/div>\n\t\t\t\t\t<\/div>\n\t\t<\/section>\n\t\t\t\t<section class=\"elementor-section elementor-top-section elementor-element elementor-element-37bdaca3 elementor-section-boxed elementor-section-height-default elementor-section-height-default\" data-id=\"37bdaca3\" data-element_type=\"section\" data-settings=\"{&quot;background_background&quot;:&quot;classic&quot;}\">\n\t\t\t\t\t\t<div class=\"elementor-container elementor-column-gap-default\">\n\t\t\t\t\t\t\t<div class=\"elementor-row\">\n\t\t\t\t\t<div class=\"elementor-column elementor-col-100 elementor-top-column elementor-element elementor-element-4f374a5c\" data-id=\"4f374a5c\" data-element_type=\"column\">\n\t\t\t<div class=\"elementor-column-wrap elementor-element-populated\">\n\t\t\t\t\t\t\t<div class=\"elementor-widget-wrap\">\n\t\t\t\t\t\t<div class=\"elementor-element elementor-element-6fe3e03 elementor-widget elementor-widget-heading\" data-id=\"6fe3e03\" data-element_type=\"widget\" data-widget_type=\"heading.default\">\n\t\t\t\t<div class=\"elementor-widget-container\">\n\t\t\t<h2 class=\"elementor-heading-title elementor-size-default\">PARA QUEM \u00c9 E COMO FUNCIONA O BUSINESSCLASS?\n<\/h2>\t\t<\/div>\n\t\t\t\t<\/div>\n\t\t\t\t<div class=\"elementor-element elementor-element-37ec99b0 elementor-widget elementor-widget-text-editor\" data-id=\"37ec99b0\" data-element_type=\"widget\" data-widget_type=\"text-editor.default\">\n\t\t\t\t<div class=\"elementor-widget-container\">\n\t\t\t\t\t<div class=\"elementor-text-editor elementor-clearfix\"><p><span style=\"font-weight: 400;\"><strong>O BusinessClass foi projetado para ser um grupo de Mentoria Premium e Personalizado.<\/strong> \u00c9 ideal para quem est\u00e1 no campo de jogo, faturando, desejando ir para o pr\u00f3ximo n\u00edvel e altamente determinado a fazer as coisas acontecerem pra vender e ganhar mais!\u00a0<\/span><\/p><p><span style=\"font-weight: 400;\"><strong>O processo de aplica\u00e7\u00e3o \u00e9 rigoroso,<\/strong> para garantir que voc\u00ea realmente se enquadre e desfrute de todo o programa. Isso faz tamb\u00e9m com que o grupo seja diferenciado, sendo uma \u00f3tima oportunidade para Network.<\/span><\/p><p><span style=\"font-weight: 400;\">Caso voc\u00ea se enquadre no BusinessClass, ter\u00e1 acesso a:<\/span><\/p><p><span style=\"font-weight: 400;\"><strong>8 encontros atrav\u00e9s do ZOOM.<\/strong><\/span><\/p><p><span style=\"font-weight: 400;\"><strong>Nessas Liga\u00e7\u00f5es, eu tiro todas as d\u00favidas de cada participante 1 a 1,<\/strong> e o restante do Grupo fica como ouvinte aprendendo com o ponto de cada integrante.\u00a0<\/span><\/p><p><span style=\"font-weight: 400;\">Todos os participantes podem perguntar ativamente e trazer suas quest\u00f5es e desafios.<\/span><\/p><p><span style=\"font-weight: 400;\"><strong>No BusinessClass, o formato da entrega \u00e9 em grupo, mas a aten\u00e7\u00e3o que eu dou para cada participante \u00e9 individual.<\/strong> Por isso o Grupo \u00e9 Premium, heterog\u00eaneo e pode ter pessoas de segmentos diferentes.<\/span><\/p><p><span style=\"font-weight: 400;\">Por isso, \u00e9 importante que voc\u00ea fa\u00e7a a aplica\u00e7\u00e3o, pois preciso saber exatamente em que momento voc\u00ea est\u00e1 e se o BusinessClass \u00e9 para voc\u00ea.<\/span><\/p><\/div>\n\t\t\t\t<\/div>\n\t\t\t\t<\/div>\n\t\t\t\t<div class=\"elementor-element elementor-element-e679249 elementor-align-center elementor-widget elementor-widget-button\" data-id=\"e679249\" data-element_type=\"widget\" data-widget_type=\"button.default\">\n\t\t\t\t<div class=\"elementor-widget-container\">\n\t\t\t\t\t<div class=\"elementor-button-wrapper\">\n\t\t\t<a href=\"https:\/\/bit.ly\/3fbB8DS\" target=\"_blank\" class=\"elementor-button-link elementor-button elementor-size-md elementor-animation-grow\" role=\"button\">\n\t\t\t\t\t\t<span class=\"elementor-button-content-wrapper\">\n\t\t\t\t\t\t<span class=\"elementor-button-icon elementor-align-icon-left\">\n\t\t\t\t<i aria-hidden=\"true\" class=\"fas fa-check-circle\"><\/i>\t\t\t<\/span>\n\t\t\t\t\t\t<span class=\"elementor-button-text\">QUERO APLICAR<\/span>\n\t\t<\/span>\n\t\t\t\t\t<\/a>\n\t\t<\/div>\n\t\t\t\t<\/div>\n\t\t\t\t<\/div>\n\t\t\t\t\t\t<\/div>\n\t\t\t\t\t<\/div>\n\t\t<\/div>\n\t\t\t\t\t\t\t\t<\/div>\n\t\t\t\t\t<\/div>\n\t\t<\/section>\n\t\t\t\t<section class=\"elementor-section elementor-top-section elementor-element elementor-element-671ff762 elementor-section-boxed elementor-section-height-default elementor-section-height-default\" data-id=\"671ff762\" data-element_type=\"section\" data-settings=\"{&quot;background_background&quot;:&quot;classic&quot;}\">\n\t\t\t\t\t\t<div class=\"elementor-container elementor-column-gap-default\">\n\t\t\t\t\t\t\t<div class=\"elementor-row\">\n\t\t\t\t\t<div class=\"elementor-column elementor-col-100 elementor-top-column elementor-element elementor-element-73290efe\" data-id=\"73290efe\" data-element_type=\"column\">\n\t\t\t<div class=\"elementor-column-wrap elementor-element-populated\">\n\t\t\t\t\t\t\t<div class=\"elementor-widget-wrap\">\n\t\t\t\t\t\t<div class=\"elementor-element elementor-element-8659938 elementor-widget elementor-widget-text-editor\" data-id=\"8659938\" data-element_type=\"widget\" data-widget_type=\"text-editor.default\">\n\t\t\t\t<div class=\"elementor-widget-container\">\n\t\t\t\t\t<div class=\"elementor-text-editor elementor-clearfix\"><p>Est\u00e1 com d\u00favidas? Entre em contato com nosso suporte!<\/p><\/div>\n\t\t\t\t<\/div>\n\t\t\t\t<\/div>\n\t\t\t\t<div class=\"elementor-element elementor-element-81362b3 elementor-align-center elementor-widget elementor-widget-button\" data-id=\"81362b3\" data-element_type=\"widget\" data-settings=\"{&quot;_animation&quot;:&quot;none&quot;}\" data-widget_type=\"button.default\">\n\t\t\t\t<div class=\"elementor-widget-container\">\n\t\t\t\t\t<div class=\"elementor-button-wrapper\">\n\t\t\t<a href=\"https:\/\/api.whatsapp.com\/send?1=pt_BR&#038;phone=5511930383323\" target=\"_blank\" class=\"elementor-button-link elementor-button elementor-size-lg elementor-animation-grow\" role=\"button\">\n\t\t\t\t\t\t<span class=\"elementor-button-content-wrapper\">\n\t\t\t\t\t\t<span class=\"elementor-button-icon elementor-align-icon-left\">\n\t\t\t\t<i aria-hidden=\"true\" class=\"fab fa-whatsapp\"><\/i>\t\t\t<\/span>\n\t\t\t\t\t\t<span class=\"elementor-button-text\">FALE COM O SUPORTE<\/span>\n\t\t<\/span>\n\t\t\t\t\t<\/a>\n\t\t<\/div>\n\t\t\t\t<\/div>\n\t\t\t\t<\/div>\n\t\t\t\t<div class=\"elementor-element elementor-element-1bd70b53 elementor-view-stacked elementor-widget__width-auto elementor-fixed elementor-hidden-tablet elementor-hidden-phone elementor-shape-circle elementor-invisible elementor-widget elementor-widget-icon\" data-id=\"1bd70b53\" data-element_type=\"widget\" data-settings=\"{&quot;motion_fx_motion_fx_scrolling&quot;:&quot;yes&quot;,&quot;_animation&quot;:&quot;fadeIn&quot;,&quot;_position&quot;:&quot;fixed&quot;,&quot;motion_fx_translateX_effect&quot;:&quot;yes&quot;,&quot;motion_fx_translateX_speed&quot;:{&quot;unit&quot;:&quot;px&quot;,&quot;size&quot;:3.6,&quot;sizes&quot;:[]},&quot;motion_fx_translateX_affectedRange&quot;:{&quot;unit&quot;:&quot;%&quot;,&quot;size&quot;:&quot;&quot;,&quot;sizes&quot;:{&quot;start&quot;:0,&quot;end&quot;:50}},&quot;motion_fx_opacity_effect&quot;:&quot;yes&quot;,&quot;motion_fx_opacity_range&quot;:{&quot;unit&quot;:&quot;%&quot;,&quot;size&quot;:&quot;&quot;,&quot;sizes&quot;:{&quot;start&quot;:0,&quot;end&quot;:58}},&quot;sticky&quot;:&quot;bottom&quot;,&quot;motion_fx_opacity_direction&quot;:&quot;out-in&quot;,&quot;motion_fx_opacity_level&quot;:{&quot;unit&quot;:&quot;px&quot;,&quot;size&quot;:10,&quot;sizes&quot;:[]},&quot;motion_fx_devices&quot;:[&quot;desktop&quot;,&quot;tablet&quot;,&quot;mobile&quot;],&quot;sticky_on&quot;:[&quot;desktop&quot;,&quot;tablet&quot;,&quot;mobile&quot;],&quot;sticky_offset&quot;:0,&quot;sticky_effects_offset&quot;:0}\" data-widget_type=\"icon.default\">\n\t\t\t\t<div class=\"elementor-widget-container\">\n\t\t\t\t\t<div class=\"elementor-icon-wrapper\">\n\t\t\t<a class=\"elementor-icon\" href=\"#topo\">\n\t\t\t<i aria-hidden=\"true\" class=\"fas fa-chevron-up\"><\/i>\t\t\t<\/a>\n\t\t<\/div>\n\t\t\t\t<\/div>\n\t\t\t\t<\/div>\n\t\t\t\t<div class=\"elementor-element elementor-element-d050778 elementor-widget elementor-widget-image\" data-id=\"d050778\" data-element_type=\"widget\" data-widget_type=\"image.default\">\n\t\t\t\t<div class=\"elementor-widget-container\">\n\t\t\t\t\t<div class=\"elementor-image\">\n\t\t\t\t\t\t\t\t\t\t<img loading=\"lazy\" decoding=\"async\" width=\"500\" height=\"499\" src=\"https:\/\/caiocarneiro.com\/mentoria\/wp-content\/uploads\/2021\/03\/C_BRANCO.gif\" class=\"attachment-large size-large\" alt=\"\" \/>\t\t\t\t\t\t\t\t\t\t\t<\/div>\n\t\t\t\t<\/div>\n\t\t\t\t<\/div>\n\t\t\t\t\t\t<\/div>\n\t\t\t\t\t<\/div>\n\t\t<\/div>\n\t\t\t\t\t\t\t\t<\/div>\n\t\t\t\t\t<\/div>\n\t\t<\/section>\n\t\t\t\t<section class=\"elementor-section elementor-top-section elementor-element elementor-element-69dd020d elementor-section-boxed elementor-section-height-default elementor-section-height-default\" data-id=\"69dd020d\" data-element_type=\"section\" data-settings=\"{&quot;background_background&quot;:&quot;classic&quot;}\">\n\t\t\t\t\t\t<div class=\"elementor-container elementor-column-gap-default\">\n\t\t\t\t\t\t\t<div class=\"elementor-row\">\n\t\t\t\t\t<div class=\"elementor-column elementor-col-100 elementor-top-column elementor-element elementor-element-6ca04125\" data-id=\"6ca04125\" data-element_type=\"column\">\n\t\t\t<div class=\"elementor-column-wrap elementor-element-populated\">\n\t\t\t\t\t\t\t<div class=\"elementor-widget-wrap\">\n\t\t\t\t\t\t<div class=\"elementor-element elementor-element-68320578 elementor-shape-circle elementor-grid-0 e-grid-align-center elementor-widget elementor-widget-social-icons\" data-id=\"68320578\" data-element_type=\"widget\" data-widget_type=\"social-icons.default\">\n\t\t\t\t<div class=\"elementor-widget-container\">\n\t\t\t\t\t<div class=\"elementor-social-icons-wrapper elementor-grid\">\n\t\t\t\t\t\t\t<div class=\"elementor-grid-item\">\n\t\t\t\t\t<a class=\"elementor-icon elementor-social-icon elementor-social-icon-instagram elementor-repeater-item-4ea31c3\" href=\"http:\/\/instagram.com\/caiocarneiro\" target=\"_blank\">\n\t\t\t\t\t\t<span class=\"elementor-screen-only\">Instagram<\/span>\n\t\t\t\t\t\t<i class=\"fab fa-instagram\"><\/i>\t\t\t\t\t<\/a>\n\t\t\t\t<\/div>\n\t\t\t\t\t\t\t<div class=\"elementor-grid-item\">\n\t\t\t\t\t<a class=\"elementor-icon elementor-social-icon elementor-social-icon-link elementor-repeater-item-db83d1e\" href=\"http:\/\/caiocarneiro.com.br\" target=\"_blank\">\n\t\t\t\t\t\t<span class=\"elementor-screen-only\">Link<\/span>\n\t\t\t\t\t\t<i class=\"fas fa-link\"><\/i>\t\t\t\t\t<\/a>\n\t\t\t\t<\/div>\n\t\t\t\t\t<\/div>\n\t\t\t\t<\/div>\n\t\t\t\t<\/div>\n\t\t\t\t<div class=\"elementor-element elementor-element-71fb849c elementor-widget elementor-widget-text-editor\" data-id=\"71fb849c\" data-element_type=\"widget\" data-widget_type=\"text-editor.default\">\n\t\t\t\t<div class=\"elementor-widget-container\">\n\t\t\t\t\t<div class=\"elementor-text-editor elementor-clearfix\"><p>Copyright \u00a9 2021 &#8211; Caio Carneiro. Todos os direitos reservados<\/p><\/div>\n\t\t\t\t<\/div>\n\t\t\t\t<\/div>\n\t\t\t\t\t\t<\/div>\n\t\t\t\t\t<\/div>\n\t\t<\/div>\n\t\t\t\t\t\t\t\t<\/div>\n\t\t\t\t\t<\/div>\n\t\t<\/section>\n\t\t\t\t\t\t<\/div>\n\t\t\t\t\t\t<\/div>\n\t\t\t\t\t<\/div>\n\t\t","protected":false},"excerpt":{"rendered":"<p>IDEAL PRA VOC\u00ca QUE QUER JOGAR GRANDE! QUERO APLICAR mentor &#8211; CAio carneiro Pai, esposo e empreendedor, Expert em Vendas Diretas h\u00e1 mais de uma d\u00e9cada, somando mais de 2.5 bilh\u00f5es em vendas e eleito um dos l\u00edderes mais influentes do mundo no segmento pela Business From Home. Autor best-seller e um dos autores mais [&hellip;]<\/p>\n","protected":false},"author":1,"featured_media":0,"parent":0,"menu_order":0,"comment_status":"closed","ping_status":"closed","template":"elementor_canvas","meta":{"footnotes":""},"_links":{"self":[{"href":"https:\/\/caiocarneiro.com\/mentoria\/wp-json\/wp\/v2\/pages\/255"}],"collection":[{"href":"https:\/\/caiocarneiro.com\/mentoria\/wp-json\/wp\/v2\/pages"}],"about":[{"href":"https:\/\/caiocarneiro.com\/mentoria\/wp-json\/wp\/v2\/types\/page"}],"author":[{"embeddable":true,"href":"https:\/\/caiocarneiro.com\/mentoria\/wp-json\/wp\/v2\/users\/1"}],"replies":[{"embeddable":true,"href":"https:\/\/caiocarneiro.com\/mentoria\/wp-json\/wp\/v2\/comments?post=255"}],"version-history":[{"count":98,"href":"https:\/\/caiocarneiro.com\/mentoria\/wp-json\/wp\/v2\/pages\/255\/revisions"}],"predecessor-version":[{"id":527,"href":"https:\/\/caiocarneiro.com\/mentoria\/wp-json\/wp\/v2\/pages\/255\/revisions\/527"}],"wp:attachment":[{"href":"https:\/\/caiocarneiro.com\/mentoria\/wp-json\/wp\/v2\/media?parent=255"}],"curies":[{"name":"wp","href":"https:\/\/api.w.org\/{rel}","templated":true}]}}